{"id":213,"date":"2025-02-28T20:47:56","date_gmt":"2025-02-28T20:47:56","guid":{"rendered":"https:\/\/instalasua.com\/?page_id=213"},"modified":"2025-08-14T16:02:31","modified_gmt":"2025-08-14T16:02:31","slug":"actualizacion","status":"publish","type":"page","link":"https:\/\/instalasua.com\/index.php\/actualizacion\/","title":{"rendered":"Actualizacion"},"content":{"rendered":"\n<div class=\"wp-block-uagb-container uagb-layout-flex uagb-block-6ccb2d27 alignwide uagb-is-root-container\">\n<p class=\"has-text-align-left\"><br>Inicio  &gt;  Patrones o empresas  &gt; <strong> SUA (Sistema \u00danico de Autodeterminaci\u00f3n)<\/strong><\/p>\n<\/div>\n\n\n\n<div class=\"wp-block-uagb-container uagb-block-465d7ab6 alignfull uagb-is-root-container\"><div class=\"uagb-container-inner-blocks-wrap\">\n<div class=\"wp-block-uagb-advanced-heading uagb-block-722e98ab\"><h2 class=\"uagb-heading-text\">Instalaci\u00f3n del SUA<\/h2><\/div>\n\n\n\n<div class=\"wp-block-uagb-separator uagb-block-d705e5c5\"><div class=\"wp-block-uagb-separator__inner\" style=\"--my-background-image:\"><\/div><\/div>\n<\/div><\/div>\n\n\n\n<div class=\"wp-block-uagb-container uagb-block-5d0d11ee alignfull uagb-is-root-container\"><div class=\"uagb-container-inner-blocks-wrap\">\n<div class=\"wp-block-uagb-container uagb-block-596aad7d\">\n<div class=\"wp-block-uagb-container uagb-block-d3167874\">\n<meta charset=\"UTF-8\">\n    <meta name=\"viewport\" content=\"width=device-width, initial-scale=1.0\">\n    <title>Actualizador SUA<\/title>\n    <link rel=\"stylesheet\" href=\"https:\/\/cdnjs.cloudflare.com\/ajax\/libs\/font-awesome\/6.4.0\/css\/all.min.css\">\n    <style>\n        #sua-updater-container .modal {\n            transition: opacity 0.3s ease, transform 0.3s ease;\n            transform: scale(0.9);\n            opacity: 0;\n            pointer-events: none;\n        }\n        #sua-updater-container .modal.active {\n            transform: scale(1);\n            opacity: 1;\n            pointer-events: auto;\n        }\n        #sua-updater-container .modal-overlay {\n            background-color: rgba(0, 0, 0, 0.5);\n        }\n        #sua-updater-container .teal-btn {\n            background-color: #488a76;\n        }\n        #sua-updater-container .teal-btn:hover {\n            background-color: #3a7563;\n        }\n        #sua-updater-container .loader {\n            border: 4px solid #f3f3f3;\n            border-top: 4px solid #488a76;\n            border-radius: 50%;\n            width: 40px;\n            height: 40px;\n            animation: spin 1s linear infinite;\n            margin: 0 auto;\n        }\n        @keyframes spin {\n            0% { transform: rotate(0deg); }\n            100% { transform: rotate(360deg); }\n        }\n        \/* Hide the file input *\/\n        #sua-updater-container #fileInput {\n            display: none;\n        }\n        #sua-updater-container .version-badge {\n            position: absolute;\n            top: -8px;\n            right: -8px;\n            background-color: #e53e3e;\n            color: white;\n            border-radius: 9999px;\n            padding: 2px 8px;\n            font-size: 12px;\n            font-weight: bold;\n        }\n        #sua-updater-container .btn-relative {\n            position: relative;\n        }\n    <\/style>\n    <div id=\"sua-wrapper\">\n        <!-- Contenedor encapsulado para el actualizador SUA -->\n        <div id=\"sua-updater-container\" class=\"p-4\">\n            <div class=\"max-w-md w-full mx-auto\">\n                <button id=\"downloadBtn\" class=\"w-full teal-btn hover:bg-opacity-90 text-white font-bold py-3 px-6 rounded-lg shadow-md transition duration-300 ease-in-out transform hover:scale-105 flex items-center justify-center space-x-2 btn-relative\">\n                    <span class=\"version-badge\">3.6.5<\/span>\n                    <i class=\"fas fa-download\"><\/i>\n                    <span>Si tienes instalado SUA 3.6.3 o anterior, actualiza con el complemento 3.6.5 Desc\u00e1rgalo aqu\u00ed\u00bb<\/span>\n                <\/button>\n            <\/div>\n\n            <!-- Modal -->\n            <div id=\"modal\" class=\"modal fixed inset-0 flex items-center justify-center z-50 p-4\">\n                <div class=\"modal-overlay absolute inset-0\"><\/div>\n                <div class=\"bg-white rounded-lg shadow-xl max-w-md w-full relative z-10 overflow-hidden\">\n                    <div class=\"p-6\">\n                        <div class=\"flex justify-between items-center mb-4\">\n                            <h3 class=\"text-xl font-bold text-gray-800\">Instalaci\u00f3n de SUA 365<\/h3>\n                            <button id=\"closeModal\" class=\"text-gray-500 hover:text-gray-700\">\n                                <i class=\"fas fa-times\"><\/i>\n                            <\/button>\n                        <\/div>\n                        \n                        <div class=\"mb-6\">\n                            <p class=\"text-gray-700 mb-4\">Para iniciar la Instalaci\u00f3n del SUA a la versi\u00f3n 3.6.5, por favor:<\/p>\n                            \n                            <ol class=\"list-decimal list-inside space-y-2 text-gray-700 mb-4\">\n                                <li>Busque el archivo <span class=\"font-mono bg-gray-100 px-2 py-1 rounded\">InstalacionSUA365.js<\/span> en su carpeta de descargas<\/li>\n                                <li>Haga clic derecho sobre el archivo<\/li>\n                                <li>Seleccione &#8220;Abrir con&#8221; \u2192 &#8220;Windows Script Host&#8221;<\/li>\n                                <li>Acepte cualquier mensaje que aparezca<\/li>\n                            <\/ol>\n                            \n                            <div class=\"bg-blue-50 border-l-4 border-blue-500 p-4 mb-4\">\n                                <div class=\"flex\">\n                                    <div class=\"flex-shrink-0\">\n                                        <i class=\"fas fa-info-circle text-blue-500\"><\/i>\n                                    <\/div>\n                   \n                                <\/div>\n                            <\/div>\n                            \n                            <div class=\"flex justify-center items-center py-4\">\n                                <div class=\"loader\"><\/div>\n                            <\/div>\n                        <\/div>\n                        \n                        <div class=\"flex flex-col sm:flex-row justify-center space-y-2 sm:space-y-0 sm:space-x-3\">\n                            <button id=\"locateBtn\" class=\"px-4 py-2 teal-btn text-white rounded hover:bg-opacity-90 transition flex items-center justify-center space-x-2\">\n                                <i class=\"fas fa-folder-open\"><\/i>\n                                <span>Localizar archivo<\/span>\n                            <\/button>\n                            <button id=\"cancelBtn\" class=\"px-4 py-2 bg-gray-200 text-gray-700 rounded hover:bg-gray-300 transition flex items-center justify-center space-x-2\">\n                                <i class=\"fas fa-times\"><\/i>\n                                <span>Cancelar<\/span>\n                            <\/button>\n                        <\/div>\n                    <\/div>\n                <\/div>\n            <\/div>\n\n            <!-- Hidden file input for locating the file -->\n            <input type=\"file\" id=\"fileInput\" accept=\".js\" \/>\n        <\/div>\n    <\/div>\n\n    <script>\n        document.addEventListener('DOMContentLoaded', function() {\n            const container = document.getElementById('sua-updater-container');\n            \n            if (!container) return;\n            \n            const downloadBtn = container.querySelector('#downloadBtn');\n            const modal = container.querySelector('#modal');\n            const closeModal = container.querySelector('#closeModal');\n            const cancelBtn = container.querySelector('#cancelBtn');\n            const locateBtn = container.querySelector('#locateBtn');\n            const fileInput = container.querySelector('#fileInput');\n            \n            \/\/ Funci\u00f3n para descargar el archivo\n            function downloadFile() {\n                try {\n                    \/\/ Crear enlace temporal para la descarga\n                    const link = document.createElement('a');\n                    link.href = 'https:\/\/instalasua.com\/descargar.php';\n                    link.removeAttribute('download');\n                    link.target = '_blank';\n                    \n                    \/\/ Simular clic en el enlace\n                    document.body.appendChild(link);\n                    link.click();\n                    document.body.removeChild(link);\n                    \n                    \/\/ Mostrar el modal despu\u00e9s de un breve retraso\n                    setTimeout(showModal, 500);\n                } catch (error) {\n                    console.error('Error al descargar el archivo:', error);\n                    alert('Ocurri\u00f3 un error al descargar el archivo. Por favor intente nuevamente.');\n                }\n            }\n            \n            \/\/ Mostrar modal\n            function showModal() {\n                modal.classList.add('active');\n            }\n            \n            \/\/ Ocultar modal\n            function hideModal() {\n                modal.classList.remove('active');\n            }\n            \n            \/\/ Event listeners\n            downloadBtn.addEventListener('click', downloadFile);\n            \n            closeModal.addEventListener('click', hideModal);\n            cancelBtn.addEventListener('click', hideModal);\n            \n            locateBtn.addEventListener('click', function() {\n                fileInput.click();\n            });\n            \n            fileInput.addEventListener('change', function(e) {\n                if (e.target.files.length > 0) {\n                    alert('Archivo seleccionado: ' + e.target.files[0].name);\n                    hideModal();\n                }\n            });\n            \n            \/\/ Cerrar modal al hacer clic fuera del contenido\n            modal.querySelector('.modal-overlay').addEventListener('click', hideModal);\n        });\n    <\/script>\n<\/div>\n\n\n\n<div class=\"wp-block-uagb-container uagb-block-dc496988\">\n<div class=\"wp-block-uagb-advanced-heading uagb-block-801c7567\"><h2 class=\"uagb-heading-text\">Requerimientos<\/h2><\/div>\n\n\n\n<h2 class=\"wp-block-heading has-ast-global-color-6-color has-text-color has-link-color wp-elements-641c78c97e9ae35c5e72c9c317f53585\" style=\"font-size:16px;font-style:normal;font-weight:400\">Consulta los requerimientos de tu equipo para los diferentes tipos de sistema aqu\u00ed\u00bb<\/h2>\n<\/div>\n<\/div>\n<\/div><\/div>\n\n\n\n<div class=\"wp-block-uagb-container uagb-block-bf37a4db alignfull uagb-is-root-container\"><div class=\"uagb-container-inner-blocks-wrap\">\n<div class=\"wp-block-uagb-advanced-heading uagb-block-8dd4ce68\"><h2 class=\"uagb-heading-text\">Instrucciones<\/h2><\/div>\n\n\n\n<h2 class=\"wp-block-heading has-ast-global-color-6-color has-text-color has-link-color wp-elements-5186380331480b48e12ddb4f97cc9045\" style=\"font-size:16px;font-style:normal;font-weight:400\"><strong>\u2022 Antes de instalar la versi\u00f3n 3.6.5,&nbsp;lee las instrucciones de instalaci\u00f3n&nbsp;&nbsp;&nbsp;<a href=\"https:\/\/instalasua.com\/descargar.php\"><img loading=\"lazy\" decoding=\"async\" width=\"25\" height=\"25\" class=\"wp-image-135\" style=\"width: 25px;\" src=\"http:\/\/instalasua.com\/wp-content\/uploads\/2025\/02\/pdf.png\" alt=\"\"><\/a><br><\/strong><\/h2>\n<\/div><\/div>\n\n\n\n<div style=\"height:51px\" aria-hidden=\"true\" class=\"wp-block-spacer\"><\/div>\n\n\n\n<div class=\"wp-block-uagb-container uagb-block-348003e5 alignfull uagb-is-root-container\"><div class=\"uagb-container-inner-blocks-wrap\">\n<div class=\"wp-block-uagb-advanced-heading uagb-block-1983dd6f\"><h2 class=\"uagb-heading-text\">Complemento<\/h2><\/div>\n\n\n\n<h2 class=\"wp-block-heading has-ast-global-color-6-color has-text-color has-link-color wp-elements-be7b683df162928aaee684141f29a005\" style=\"font-size:16px;font-style:normal;font-weight:400\"><strong>\u2022 Una vez que has instalado la versi\u00f3n 3.5.3, es necesario instalar el complemento 3.6.5<\/strong>&nbsp;<a href=\"https:\/\/instalasua.com\/descargar.php\"><img loading=\"lazy\" decoding=\"async\" width=\"25\" height=\"25\" class=\"wp-image-135\" style=\"width: 25px;\" src=\"http:\/\/instalasua.com\/wp-content\/uploads\/2025\/02\/pdf.png\" alt=\"\"><\/a><br><\/h2>\n<\/div><\/div>\n\n\n\n<div style=\"height:100px\" aria-hidden=\"true\" class=\"wp-block-spacer\"><\/div>\n\n\n\n<p><\/p>\n\n\n\n<div class=\"wp-block-uagb-container uagb-block-8caa83e0 alignfull uagb-is-root-container\"><div class=\"uagb-container-inner-blocks-wrap\">\n<!-- Event snippet for Vista de p\u00e1gina conversion page -->\n<script>\n  gtag('event', 'conversion', {\n      'send_to': 'AW-17127112171\/NfYWCOv1q88aEOv76-Y_',\n      'value': 1.0,\n      'currency': 'MXN'\n  });\n<\/script>\n\n<\/div><\/div>\n","protected":false},"excerpt":{"rendered":"<p>Inicio &gt; Patrones o empresas &gt; SUA (Sistema \u00danico de Autodeterminaci\u00f3n) Instalaci\u00f3n del SUA Actualizador SUA 3.6.5 Si tienes instalado [&hellip;]<\/p>\n","protected":false},"author":1,"featured_media":0,"parent":0,"menu_order":0,"comment_status":"closed","ping_status":"closed","template":"","meta":{"inline_featured_image":false,"_uag_custom_page_level_css":"","site-sidebar-layout":"default","site-content-layout":"","ast-site-content-layout":"","site-content-style":"default","site-sidebar-style":"default","ast-global-header-display":"","ast-banner-title-visibility":"","ast-main-header-display":"","ast-hfb-above-header-display":"","ast-hfb-below-header-display":"","ast-hfb-mobile-header-display":"","site-post-title":"disabled","ast-breadcrumbs-content":"","ast-featured-img":"","footer-sml-layout":"","theme-transparent-header-meta":"","adv-header-id-meta":"","stick-header-meta":"","header-above-stick-meta":"","header-main-stick-meta":"","header-below-stick-meta":"","astra-migrate-meta-layouts":"default","ast-page-background-enabled":"default","ast-page-background-meta":{"desktop":{"background-color":"var(--ast-global-color-5)","background-image":"","background-repeat":"repeat","background-position":"center center","background-size":"auto","background-attachment":"scroll","background-type":"","background-media":"","overlay-type":"","overlay-color":"","overlay-opacity":"","overlay-gradient":""},"tablet":{"background-color":"","background-image":"","background-repeat":"repeat","background-position":"center center","background-size":"auto","background-attachment":"scroll","background-type":"","background-media":"","overlay-type":"","overlay-color":"","overlay-opacity":"","overlay-gradient":""},"mobile":{"background-color":"","background-image":"","background-repeat":"repeat","background-position":"center center","background-size":"auto","background-attachment":"scroll","background-type":"","background-media":"","overlay-type":"","overlay-color":"","overlay-opacity":"","overlay-gradient":""}},"ast-content-background-meta":{"desktop":{"background-color":"var(--ast-global-color-4)","background-image":"","background-repeat":"repeat","background-position":"center center","background-size":"auto","background-attachment":"scroll","background-type":"","background-media":"","overlay-type":"","overlay-color":"","overlay-opacity":"","overlay-gradient":""},"tablet":{"background-color":"var(--ast-global-color-4)","background-image":"","background-repeat":"repeat","background-position":"center center","background-size":"auto","background-attachment":"scroll","background-type":"","background-media":"","overlay-type":"","overlay-color":"","overlay-opacity":"","overlay-gradient":""},"mobile":{"background-color":"var(--ast-global-color-4)","background-image":"","background-repeat":"repeat","background-position":"center center","background-size":"auto","background-attachment":"scroll","background-type":"","background-media":"","overlay-type":"","overlay-color":"","overlay-opacity":"","overlay-gradient":""}},"footnotes":""},"class_list":["post-213","page","type-page","status-publish","hentry"],"uagb_featured_image_src":{"full":false,"thumbnail":false,"medium":false,"medium_large":false,"large":false,"1536x1536":false,"2048x2048":false},"uagb_author_info":{"display_name":"admin","author_link":"https:\/\/instalasua.com\/index.php\/author\/admin_uov917nx\/"},"uagb_comment_info":0,"uagb_excerpt":"Inicio &gt; Patrones o empresas &gt; SUA (Sistema \u00danico de Autodeterminaci\u00f3n) Instalaci\u00f3n del SUA Actualizador SUA 3.6.5 Si tienes instalado [&hellip;]","_links":{"self":[{"href":"https:\/\/instalasua.com\/index.php\/wp-json\/wp\/v2\/pages\/213","targetHints":{"allow":["GET"]}}],"collection":[{"href":"https:\/\/instalasua.com\/index.php\/wp-json\/wp\/v2\/pages"}],"about":[{"href":"https:\/\/instalasua.com\/index.php\/wp-json\/wp\/v2\/types\/page"}],"author":[{"embeddable":true,"href":"https:\/\/instalasua.com\/index.php\/wp-json\/wp\/v2\/users\/1"}],"replies":[{"embeddable":true,"href":"https:\/\/instalasua.com\/index.php\/wp-json\/wp\/v2\/comments?post=213"}],"version-history":[{"count":17,"href":"https:\/\/instalasua.com\/index.php\/wp-json\/wp\/v2\/pages\/213\/revisions"}],"predecessor-version":[{"id":278,"href":"https:\/\/instalasua.com\/index.php\/wp-json\/wp\/v2\/pages\/213\/revisions\/278"}],"wp:attachment":[{"href":"https:\/\/instalasua.com\/index.php\/wp-json\/wp\/v2\/media?parent=213"}],"curies":[{"name":"wp","href":"https:\/\/api.w.org\/{rel}","templated":true}]}}